
			{"id":2970,"date":"2020-09-21T16:06:52","date_gmt":"2020-09-21T14:06:52","guid":{"rendered":"https:\/\/digital-swim-coach.de\/?page_id=2970"},"modified":"2020-10-04T18:34:23","modified_gmt":"2020-10-04T16:34:23","slug":"cps-das-netzwerkfaehige-programm","status":"publish","type":"page","link":"https:\/\/digital-swim-coach.de\/en\/partnerprodukte\/cps-das-netzwerkfaehige-programm\/","title":{"rendered":"CPS \u2013 das netzwerkf\u00e4hige Programm"},"content":{"rendered":"<h3 style=\"text-align: center;\"><img decoding=\"async\" class=\"size-full wp-image-2971 aligncenter\" src=\"https:\/\/digital-swim-coach.de\/wp-content\/uploads\/Kopfzeile-CPS.jpg\" alt=\"\" width=\"650\" height=\"152\" \/><br \/>\n<span style=\"color: #0000ff;\">Das netzwerkf\u00e4hige Programm f\u00fcr Ihre Schwimmveranstaltungen<\/span><br \/>\numfassend \u2013 unkompliziert \u2013 preiswert<\/h3>\n<table border=\"0\" width=\"650\" cellspacing=\"0\" cellpadding=\"0\">\n<tbody>\n<tr>\n<td colspan=\"2\"><\/p>\n<p style=\"text-align: left;\" align=\"justify\"><b><span style=\"font-family: Arial;\">Im Gegensatz zu Programmen anderer Anbieter ben\u00f6tigen Sie bei cps-schwimm <u>keine<\/u> zus\u00e4tzlichen \u2013 und somit kostenpflichtigen \u2013 Programme oder AddOns. Der komplette Funktionsumfang ist Grundbestandteil des Programms.<br \/>\n<\/span><\/b><\/p>\n<\/td>\n<\/tr>\n<tr>\n<td style=\"vertical-align:top;\" width=\"120\">\n<p align=\"justify\"><span style=\"font-family: Arial;\"><span style=\"color: #0000ff;\">UNIVERSELL<\/span><br \/>\n<\/span><\/p>\n<\/td>\n<td style=\"vertical-align:top;\" width=\"*\">\n<p style=\"text-align: left;\" align=\"justify\"><span style=\"font-family: Arial;\"><u>Ein<\/u> Programm f\u00fcr <u>alle<\/u> Ihre Veranstaltungen im Schwimmsport (Einladungs-, Mannschafts-, Nachwuchs- &amp; Masters-Schwimmen, DMS, DMS-J, DMS der Masters und Freiwasser-Schwimmen). Insbesondere die speziellen Gegebenheiten bei Landessportfesten der Schulen und Wettk\u00e4mpfen mit Behinderten er\u00f6ffnen auch den \u00fcbrigen Veranstaltungen ungeahnte M\u00f6glichkeiten.<\/span><\/p>\n<\/td>\n<\/tr>\n<tr>\n<td style=\"line-height: 50%;\" colspan=\"2\"><\/td>\n<\/tr>\n<tr>\n<td style=\"vertical-align:top;\">\n<p align=\"justify\"><span style=\"font-family: Arial;\"><span style=\"color: #0000ff;\">HANDLING<\/span><br \/>\n<\/span><\/p>\n<\/td>\n<td style=\"vertical-align:top;\">\n<p align=\"justify\"><span style=\"font-family: Arial;\">Durch die intuitive Bedienung f\u00fchlen sich sowohl &#8220;Kampfrichter ohne gro\u00dfe Computer-Erfahrung&#8221; als auch\u00a0\u00a0&#8220;EDV-Eltern mit geringem schwimm-sportlichem Fachwissen&#8221; auf Anhieb zurecht. <\/span><\/p>\n<\/td>\n<\/tr>\n<tr>\n<td style=\"line-height: 50%;\" colspan=\"2\"><\/td>\n<\/tr>\n<tr>\n<td style=\"vertical-align:top;\" height=\"73\">\n<p align=\"justify\"><span style=\"font-family: Arial;\"><span style=\"color: #0000ff;\">NETZWERK\u00a0<\/span> <\/span><\/p>\n<\/td>\n<td valign=\"top\">\n<p style=\"text-align: left;\" align=\"justify\"><span style=\"font-family: Arial;\">Die Eingabe von Meldungen und Ergebnissen sowie die weiteren Funktionen des Protokollraums sind gleichzeitig an mehreren Rechnern ohne Datentr\u00e4geraustausch m\u00f6glich. Dar\u00fcber hinaus besitzt das Programm eine Schnittstelle zum Anschluss von automatischen Zeitmessanlagen. <\/span><\/p>\n<\/td>\n<\/tr>\n<tr>\n<td style=\"line-height: 50%;\" colspan=\"2\"><\/td>\n<\/tr>\n<tr>\n<td style=\"vertical-align:top;\">\n<p align=\"justify\"><span style=\"font-family: Arial;\"><span style=\"color: #0000ff;\">KOMPATIBEL<\/span><br \/>\n<\/span><\/p>\n<\/td>\n<td style=\"vertical-align:top;\">\n<p style=\"text-align: left;\" align=\"justify\"><span style=\"font-family: Arial;\">Melden zu anderen Veranstaltungen, Empfangen von Meldungen und Protokollversand per Datei sind problemlos m\u00f6glich (DSV-Standard, also auch in Verbindung mit Programmen anderer Anbieter).<br \/>\nVersenden eines eigenst\u00e4ndigen Meldeprogramms (deutsch \/ englisch \/ franz\u00f6sisch), damit jeder per Datentr\u00e4ger oder E-Mail zu Ihrer Veranstaltung melden kann. Dieses Programm eignet sich z.B. als Internet-Download von Ihrer Homepage. <\/span><\/p>\n<\/td>\n<\/tr>\n<tr>\n<td style=\"line-height: 50%;\" colspan=\"2\"><\/td>\n<\/tr>\n<tr>\n<td style=\"vertical-align:top;\">\n<p align=\"justify\"><span style=\"font-family: Arial;\"><span style=\"color: #0000ff;\">HOTLINE<\/span><br \/>\n<\/span><\/p>\n<\/td>\n<td style=\"vertical-align:top;\">\n<p align=\"justify\"><span style=\"font-family: Arial;\">Gerade abends und erst recht an den Wochenenden steht Ihnen unsere Hotline f\u00fcr kompetente Hilfestellungen kostenlos zur Verf\u00fcgung. <\/span><\/p>\n<\/td>\n<\/tr>\n<tr>\n<td colspan=\"2\">\n<p style=\"text-align: left;\" align=\"justify\"><span style=\"font-family: Arial;\"><span style=\"color: #0000ff;\"><br \/>\nUmfangreiches <b>VERANSTALTUNGS-INFORMATIONS-SYSTEM<\/b> inklusive!<\/span><\/span><\/p>\n<p>Bauen Sie auf unsere jahrzehntelange Erfahrung und nutzen Sie <a href=\"https:\/\/www.cps-schwimm.de\/\" target=\"_blank\" rel=\"noopener noreferrer\"><span style=\"color: #0000ff; font-size: large;\"><b>cps-schwimm<\/b><\/span><\/a> als <span style=\"color: #0000ff; font-size: large;\"><b>&#8220;Rundum-Sorglos-Paket&#8221;<\/b><\/span> bei Ihren Veranstaltungen.<\/td>\n<\/tr>\n<\/tbody>\n<\/table>\n<p>&nbsp;<\/p>\n","protected":false},"excerpt":{"rendered":"<p>Das netzwerkf\u00e4hige Programm f\u00fcr Ihre Schwimmveranstaltungen umfassend \u2013 unkompliziert \u2013 preiswert Im Gegensatz zu Programmen anderer Anbieter ben\u00f6tigen Sie bei cps-schwimm keine zus\u00e4tzlichen \u2013 und somit kostenpflichtigen \u2013 Programme oder AddOns. Der komplette Funktionsumfang ist Grundbestandteil des Programms. UNIVERSELL Ein Programm f\u00fcr alle Ihre Veranstaltungen im Schwimmsport (Einladungs-, Mannschafts-, Nachwuchs- &amp; Masters-Schwimmen, DMS, DMS-J, DMS [&hellip;]<\/p>\n","protected":false},"author":5,"featured_media":0,"parent":2932,"menu_order":2,"comment_status":"closed","ping_status":"closed","template":"","meta":{"footnotes":""},"class_list":["post-2970","page","type-page","status-publish","hentry"],"yoast_head":"<!-- This site is optimized with the Yoast SEO plugin v27.4 - https:\/\/yoast.com\/product\/yoast-seo-wordpress\/ -->\n<title>CPS \u2013 das netzwerkf\u00e4hige Programm<\/title>\n<meta name=\"description\" content=\"Das netzwerkf\u00e4hige Programm f\u00fcr Ihre Schwimmveranstaltungen umfassend \u2013 unkompliziert \u2013 preiswert Im Gegensatz zu Programmen anderer Anbieter ben\u00f6tigen Sie bei cps-schwimm keine zus\u00e4tzlichen \u2013 und somit kostenpflichtigen \u2013 Programme oder AddOns. Der komplette Funktionsumfang ist Grundbestandteil des Programms. UNIVERSELL Ein Programm f\u00fcr alle Ihre Veranstaltungen im Schwimmsport (Einladungs-, Mannschafts-, Nachwuchs- &amp; Masters-Schwimmen, DMS, DMS-J, DMS&hellip;\" \/>\n<meta name=\"robots\" content=\"index, follow, max-snippet:-1, max-image-preview:large, max-video-preview:-1\" \/>\n<link rel=\"canonical\" href=\"http:\/\/Das%20netzwerkf\u00e4hige%20Programm%20f\u00fcr%20Ihre%20Schwimmveranstaltungen%20umfassend%20\u2013%20unkompliziert%20\u2013%20preiswert%20Im%20Gegensatz%20zu%20Programmen%20anderer%20Anbieter%20ben\u00f6tigen%20Sie%20bei%20cps-schwimm%20keine%20zus\u00e4tzlichen%20\u2013%20und%20somit%20kostenpflichtigen%20\u2013%20Programme%20oder%20AddOns.%20Der%20komplette%20Funktionsumfang%20ist%20Grundbestandteil%20des%20Programms.%20UNIVERSELL%20Ein%20Programm%20f\u00fcr%20alle%20Ihre%20Veranstaltungen%20im%20Schwimmsport%20(Einladungs-,%20Mannschafts-,%20Nachwuchs-%20&amp;%20Masters-Schwimmen,%20DMS,%20DMS-J,%20DMS&hellip;\" \/>\n<meta property=\"og:locale\" content=\"en_GB\" \/>\n<meta property=\"og:type\" content=\"article\" \/>\n<meta property=\"og:title\" content=\"CPS \u2013 das netzwerkf\u00e4hige Programm\" \/>\n<meta property=\"og:description\" content=\"Das netzwerkf\u00e4hige Programm f\u00fcr Ihre Schwimmveranstaltungen umfassend \u2013 unkompliziert \u2013 preiswert Im Gegensatz zu Programmen anderer Anbieter ben\u00f6tigen Sie bei cps-schwimm keine zus\u00e4tzlichen \u2013 und somit kostenpflichtigen \u2013 Programme oder AddOns. Der komplette Funktionsumfang ist Grundbestandteil des Programms. UNIVERSELL Ein Programm f\u00fcr alle Ihre Veranstaltungen im Schwimmsport (Einladungs-, Mannschafts-, Nachwuchs- &amp; Masters-Schwimmen, DMS, DMS-J, DMS&hellip;\" \/>\n<meta property=\"og:url\" content=\"https:\/\/digital-swim-coach.de\/en\/partnerprodukte\/cps-das-netzwerkfaehige-programm\/\" \/>\n<meta property=\"og:site_name\" content=\"digital swim coach\" \/>\n<meta property=\"article:modified_time\" content=\"2020-10-04T16:34:23+00:00\" \/>\n<meta property=\"og:image\" content=\"https:\/\/digital-swim-coach.de\/wp-content\/uploads\/Kopfzeile-CPS.jpg\" \/>\n<meta name=\"twitter:card\" content=\"summary_large_image\" \/>\n<meta name=\"twitter:label1\" content=\"Est. reading time\" \/>\n\t<meta name=\"twitter:data1\" content=\"1 minute\" \/>\n<script type=\"application\/ld+json\" class=\"yoast-schema-graph\">{\"@context\":\"https:\\\/\\\/schema.org\",\"@graph\":[{\"@type\":\"WebPage\",\"@id\":\"https:\\\/\\\/digital-swim-coach.de\\\/en\\\/partnerprodukte\\\/cps-das-netzwerkfaehige-programm\\\/\",\"url\":\"https:\\\/\\\/digital-swim-coach.de\\\/en\\\/partnerprodukte\\\/cps-das-netzwerkfaehige-programm\\\/\",\"name\":\"CPS \u2013 das netzwerkf\u00e4hige Programm - digital swim coach\",\"isPartOf\":{\"@id\":\"https:\\\/\\\/digital-swim-coach.de\\\/#website\"},\"primaryImageOfPage\":{\"@id\":\"https:\\\/\\\/digital-swim-coach.de\\\/en\\\/partnerprodukte\\\/cps-das-netzwerkfaehige-programm\\\/#primaryimage\"},\"image\":{\"@id\":\"https:\\\/\\\/digital-swim-coach.de\\\/en\\\/partnerprodukte\\\/cps-das-netzwerkfaehige-programm\\\/#primaryimage\"},\"thumbnailUrl\":\"https:\\\/\\\/digital-swim-coach.de\\\/wp-content\\\/uploads\\\/Kopfzeile-CPS.jpg\",\"datePublished\":\"2020-09-21T14:06:52+00:00\",\"dateModified\":\"2020-10-04T16:34:23+00:00\",\"breadcrumb\":{\"@id\":\"https:\\\/\\\/digital-swim-coach.de\\\/en\\\/partnerprodukte\\\/cps-das-netzwerkfaehige-programm\\\/#breadcrumb\"},\"inLanguage\":\"en-GB\",\"potentialAction\":[{\"@type\":\"ReadAction\",\"target\":[\"https:\\\/\\\/digital-swim-coach.de\\\/en\\\/partnerprodukte\\\/cps-das-netzwerkfaehige-programm\\\/\"]}]},{\"@type\":\"ImageObject\",\"inLanguage\":\"en-GB\",\"@id\":\"https:\\\/\\\/digital-swim-coach.de\\\/en\\\/partnerprodukte\\\/cps-das-netzwerkfaehige-programm\\\/#primaryimage\",\"url\":\"https:\\\/\\\/digital-swim-coach.de\\\/wp-content\\\/uploads\\\/Kopfzeile-CPS.jpg\",\"contentUrl\":\"https:\\\/\\\/digital-swim-coach.de\\\/wp-content\\\/uploads\\\/Kopfzeile-CPS.jpg\"},{\"@type\":\"BreadcrumbList\",\"@id\":\"https:\\\/\\\/digital-swim-coach.de\\\/en\\\/partnerprodukte\\\/cps-das-netzwerkfaehige-programm\\\/#breadcrumb\",\"itemListElement\":[{\"@type\":\"ListItem\",\"position\":1,\"name\":\"Start\",\"item\":\"https:\\\/\\\/digital-swim-coach.de\\\/\"},{\"@type\":\"ListItem\",\"position\":2,\"name\":\"Partnerprodukte\",\"item\":\"https:\\\/\\\/digital-swim-coach.de\\\/partnerprodukte\\\/\"},{\"@type\":\"ListItem\",\"position\":3,\"name\":\"CPS \u2013 das netzwerkf\u00e4hige Programm\"}]},{\"@type\":\"WebSite\",\"@id\":\"https:\\\/\\\/digital-swim-coach.de\\\/en\\\/#website\",\"url\":\"https:\\\/\\\/digital-swim-coach.de\\\/en\\\/\",\"name\":\"digital swim coach\",\"description\":\"Learning to swim made easy\",\"potentialAction\":[{\"@type\":\"SearchAction\",\"target\":{\"@type\":\"EntryPoint\",\"urlTemplate\":\"https:\\\/\\\/digital-swim-coach.de\\\/en\\\/?s={search_term_string}\"},\"query-input\":{\"@type\":\"PropertyValueSpecification\",\"valueRequired\":true,\"valueName\":\"search_term_string\"}}],\"inLanguage\":\"en-GB\"}]}<\/script>\n<!-- \/ Yoast SEO plugin. -->","yoast_head_json":{"title":"CPS \u2013 das netzwerkf\u00e4hige Programm","description":"Das netzwerkf\u00e4hige Programm f\u00fcr Ihre Schwimmveranstaltungen umfassend \u2013 unkompliziert \u2013 preiswert Im Gegensatz zu Programmen anderer Anbieter ben\u00f6tigen Sie bei cps-schwimm keine zus\u00e4tzlichen \u2013 und somit kostenpflichtigen \u2013 Programme oder AddOns. Der komplette Funktionsumfang ist Grundbestandteil des Programms. UNIVERSELL Ein Programm f\u00fcr alle Ihre Veranstaltungen im Schwimmsport (Einladungs-, Mannschafts-, Nachwuchs- &amp; Masters-Schwimmen, DMS, DMS-J, DMS&hellip;","robots":{"index":"index","follow":"follow","max-snippet":"max-snippet:-1","max-image-preview":"max-image-preview:large","max-video-preview":"max-video-preview:-1"},"canonical":"Das netzwerkf\u00e4hige Programm f\u00fcr Ihre Schwimmveranstaltungen umfassend \u2013 unkompliziert \u2013 preiswert Im Gegensatz zu Programmen anderer Anbieter ben\u00f6tigen Sie bei cps-schwimm keine zus\u00e4tzlichen \u2013 und somit kostenpflichtigen \u2013 Programme oder AddOns. Der komplette Funktionsumfang ist Grundbestandteil des Programms. UNIVERSELL Ein Programm f\u00fcr alle Ihre Veranstaltungen im Schwimmsport (Einladungs-, Mannschafts-, Nachwuchs- &amp; Masters-Schwimmen, DMS, DMS-J, DMS&hellip;","og_locale":"en_GB","og_type":"article","og_title":"CPS \u2013 das netzwerkf\u00e4hige Programm","og_description":"Das netzwerkf\u00e4hige Programm f\u00fcr Ihre Schwimmveranstaltungen umfassend \u2013 unkompliziert \u2013 preiswert Im Gegensatz zu Programmen anderer Anbieter ben\u00f6tigen Sie bei cps-schwimm keine zus\u00e4tzlichen \u2013 und somit kostenpflichtigen \u2013 Programme oder AddOns. Der komplette Funktionsumfang ist Grundbestandteil des Programms. UNIVERSELL Ein Programm f\u00fcr alle Ihre Veranstaltungen im Schwimmsport (Einladungs-, Mannschafts-, Nachwuchs- &amp; Masters-Schwimmen, DMS, DMS-J, DMS&hellip;","og_url":"https:\/\/digital-swim-coach.de\/en\/partnerprodukte\/cps-das-netzwerkfaehige-programm\/","og_site_name":"digital swim coach","article_modified_time":"2020-10-04T16:34:23+00:00","og_image":[{"url":"https:\/\/digital-swim-coach.de\/wp-content\/uploads\/Kopfzeile-CPS.jpg","type":"","width":"","height":""}],"twitter_card":"summary_large_image","twitter_misc":{"Est. reading time":"1 minute"},"schema":{"@context":"https:\/\/schema.org","@graph":[{"@type":"WebPage","@id":"https:\/\/digital-swim-coach.de\/en\/partnerprodukte\/cps-das-netzwerkfaehige-programm\/","url":"https:\/\/digital-swim-coach.de\/en\/partnerprodukte\/cps-das-netzwerkfaehige-programm\/","name":"CPS \u2013 das netzwerkf\u00e4hige Programm - digital swim coach","isPartOf":{"@id":"https:\/\/digital-swim-coach.de\/#website"},"primaryImageOfPage":{"@id":"https:\/\/digital-swim-coach.de\/en\/partnerprodukte\/cps-das-netzwerkfaehige-programm\/#primaryimage"},"image":{"@id":"https:\/\/digital-swim-coach.de\/en\/partnerprodukte\/cps-das-netzwerkfaehige-programm\/#primaryimage"},"thumbnailUrl":"https:\/\/digital-swim-coach.de\/wp-content\/uploads\/Kopfzeile-CPS.jpg","datePublished":"2020-09-21T14:06:52+00:00","dateModified":"2020-10-04T16:34:23+00:00","breadcrumb":{"@id":"https:\/\/digital-swim-coach.de\/en\/partnerprodukte\/cps-das-netzwerkfaehige-programm\/#breadcrumb"},"inLanguage":"en-GB","potentialAction":[{"@type":"ReadAction","target":["https:\/\/digital-swim-coach.de\/en\/partnerprodukte\/cps-das-netzwerkfaehige-programm\/"]}]},{"@type":"ImageObject","inLanguage":"en-GB","@id":"https:\/\/digital-swim-coach.de\/en\/partnerprodukte\/cps-das-netzwerkfaehige-programm\/#primaryimage","url":"https:\/\/digital-swim-coach.de\/wp-content\/uploads\/Kopfzeile-CPS.jpg","contentUrl":"https:\/\/digital-swim-coach.de\/wp-content\/uploads\/Kopfzeile-CPS.jpg"},{"@type":"BreadcrumbList","@id":"https:\/\/digital-swim-coach.de\/en\/partnerprodukte\/cps-das-netzwerkfaehige-programm\/#breadcrumb","itemListElement":[{"@type":"ListItem","position":1,"name":"Start","item":"https:\/\/digital-swim-coach.de\/"},{"@type":"ListItem","position":2,"name":"Partnerprodukte","item":"https:\/\/digital-swim-coach.de\/partnerprodukte\/"},{"@type":"ListItem","position":3,"name":"CPS \u2013 das netzwerkf\u00e4hige Programm"}]},{"@type":"WebSite","@id":"https:\/\/digital-swim-coach.de\/en\/#website","url":"https:\/\/digital-swim-coach.de\/en\/","name":"digital swim coach","description":"Learning to swim made easy","potentialAction":[{"@type":"SearchAction","target":{"@type":"EntryPoint","urlTemplate":"https:\/\/digital-swim-coach.de\/en\/?s={search_term_string}"},"query-input":{"@type":"PropertyValueSpecification","valueRequired":true,"valueName":"search_term_string"}}],"inLanguage":"en-GB"}]}},"_links":{"self":[{"href":"https:\/\/digital-swim-coach.de\/en\/wp-json\/wp\/v2\/pages\/2970","targetHints":{"allow":["GET"]}}],"collection":[{"href":"https:\/\/digital-swim-coach.de\/en\/wp-json\/wp\/v2\/pages"}],"about":[{"href":"https:\/\/digital-swim-coach.de\/en\/wp-json\/wp\/v2\/types\/page"}],"author":[{"embeddable":true,"href":"https:\/\/digital-swim-coach.de\/en\/wp-json\/wp\/v2\/users\/5"}],"replies":[{"embeddable":true,"href":"https:\/\/digital-swim-coach.de\/en\/wp-json\/wp\/v2\/comments?post=2970"}],"version-history":[{"count":0,"href":"https:\/\/digital-swim-coach.de\/en\/wp-json\/wp\/v2\/pages\/2970\/revisions"}],"up":[{"embeddable":true,"href":"https:\/\/digital-swim-coach.de\/en\/wp-json\/wp\/v2\/pages\/2932"}],"wp:attachment":[{"href":"https:\/\/digital-swim-coach.de\/en\/wp-json\/wp\/v2\/media?parent=2970"}],"curies":[{"name":"wp","href":"https:\/\/api.w.org\/{rel}","templated":true}]}}