
			{"id":1862,"date":"2020-09-07T16:03:52","date_gmt":"2020-09-07T14:03:52","guid":{"rendered":"https:\/\/digital-swim-coach.de\/?page_id=1862"},"modified":"2021-01-08T13:02:28","modified_gmt":"2021-01-08T12:02:28","slug":"urkundenerstellung","status":"publish","type":"page","link":"https:\/\/digital-swim-coach.de\/en\/partnerprodukte\/urkundenerstellung\/","title":{"rendered":"Urkundenservice"},"content":{"rendered":"<h3><a href=\"https:\/\/www.va-verlag.de\/index.php?mod=urkunden&amp;page=willkommen\" target=\"_blank\" rel=\"noopener noreferrer\">Urkundenservice:<\/a><\/h3>\n<p><img decoding=\"async\" class=\"wp-image-2625 size-full aligncenter\" src=\"https:\/\/digital-swim-coach.de\/wp-content\/uploads\/Urkunden-5.jpg\" alt=\"\" width=\"700\" height=\"224\" \/><\/p>\n<p>Ob f\u00fcr den Verein, die Schule oder einen ganz pers\u00f6nlichen Anlass: Eine Urkunde bezeugt, dass man die Leistung, die jemand gebracht hat, in besonderer Weise w\u00fcrdigen m\u00f6chte. Aus einer Auswahl von \u00fcber 140 Urkunden k\u00f6nnen Sie Ihre Urkunde ausw\u00e4hlen und mit Ihrem Logo etc. bedrucken lassen.<\/p>\n<p>Mehr Infos erhalten Sie <a href=\"https:\/\/www.va-verlag.de\/index.php?mod=urkunden&amp;page=willkommen\" target=\"_blank\" rel=\"noopener noreferrer\">hier<\/a>.<\/p>\n<p>Preise *) (incl. MWSt., zzgl. Porto):<\/p>\n<p><img decoding=\"async\" class=\"wp-image-2629 size-full aligncenter\" src=\"https:\/\/digital-swim-coach.de\/wp-content\/uploads\/Preise-1.jpg\" alt=\"\" width=\"700\" height=\"164\" srcset=\"https:\/\/digital-swim-coach.de\/wp-content\/uploads\/Preise-1.jpg 700w, https:\/\/digital-swim-coach.de\/wp-content\/uploads\/Preise-1-300x70.jpg 300w, https:\/\/digital-swim-coach.de\/wp-content\/uploads\/Preise-1-600x141.jpg 600w\" sizes=\"(max-width: 700px) 100vw, 700px\" \/><\/p>\n<p>*) Preis\u00e4nderungen vorbehalten<\/p>\n","protected":false},"excerpt":{"rendered":"<p>Urkundenservice: Ob f\u00fcr den Verein, die Schule oder einen ganz pers\u00f6nlichen Anlass: Eine Urkunde bezeugt, dass man die Leistung, die jemand gebracht hat, in besonderer Weise w\u00fcrdigen m\u00f6chte. Aus einer Auswahl von \u00fcber 140 Urkunden k\u00f6nnen Sie Ihre Urkunde ausw\u00e4hlen und mit Ihrem Logo etc. bedrucken lassen. Mehr Infos erhalten Sie hier. Preise *) (incl. [&hellip;]<\/p>\n","protected":false},"author":5,"featured_media":0,"parent":2932,"menu_order":0,"comment_status":"closed","ping_status":"closed","template":"","meta":{"footnotes":""},"class_list":["post-1862","page","type-page","status-publish","hentry"],"yoast_head":"<!-- This site is optimized with the Yoast SEO plugin v27.5 - https:\/\/yoast.com\/product\/yoast-seo-wordpress\/ -->\n<title>Urkundenservice<\/title>\n<meta name=\"description\" content=\"Urkundenservice: Ob f\u00fcr den Verein, die Schule oder einen ganz pers\u00f6nlichen Anlass: Eine Urkunde bezeugt, dass man die Leistung, die jemand gebracht hat, in besonderer Weise w\u00fcrdigen m\u00f6chte. Aus einer Auswahl von \u00fcber 140 Urkunden k\u00f6nnen Sie Ihre Urkunde ausw\u00e4hlen und mit Ihrem Logo etc. bedrucken lassen. Mehr Infos erhalten Sie hier. Preise *) (incl.&hellip;\" \/>\n<meta name=\"robots\" content=\"index, follow, max-snippet:-1, max-image-preview:large, max-video-preview:-1\" \/>\n<link rel=\"canonical\" href=\"\" \/>\n<meta property=\"og:locale\" content=\"en_GB\" \/>\n<meta property=\"og:type\" content=\"article\" \/>\n<meta property=\"og:title\" content=\"Urkundenservice\" \/>\n<meta property=\"og:description\" content=\"Urkundenservice: Ob f\u00fcr den Verein, die Schule oder einen ganz pers\u00f6nlichen Anlass: Eine Urkunde bezeugt, dass man die Leistung, die jemand gebracht hat, in besonderer Weise w\u00fcrdigen m\u00f6chte. Aus einer Auswahl von \u00fcber 140 Urkunden k\u00f6nnen Sie Ihre Urkunde ausw\u00e4hlen und mit Ihrem Logo etc. bedrucken lassen. Mehr Infos erhalten Sie hier. Preise *) (incl.&hellip;\" \/>\n<meta property=\"og:url\" content=\"https:\/\/digital-swim-coach.de\/en\/partnerprodukte\/urkundenerstellung\/\" \/>\n<meta property=\"og:site_name\" content=\"digital swim coach\" \/>\n<meta property=\"article:modified_time\" content=\"2021-01-08T12:02:28+00:00\" \/>\n<meta property=\"og:image\" content=\"https:\/\/digital-swim-coach.de\/wp-content\/uploads\/Urkunden-5.jpg\" \/>\n<meta name=\"twitter:card\" content=\"summary_large_image\" \/>\n<script type=\"application\/ld+json\" class=\"yoast-schema-graph\">{\"@context\":\"https:\\\/\\\/schema.org\",\"@graph\":[{\"@type\":\"WebPage\",\"@id\":\"https:\\\/\\\/digital-swim-coach.de\\\/en\\\/partnerprodukte\\\/urkundenerstellung\\\/\",\"url\":\"https:\\\/\\\/digital-swim-coach.de\\\/en\\\/partnerprodukte\\\/urkundenerstellung\\\/\",\"name\":\"Urkundenservice - digital swim coach\",\"isPartOf\":{\"@id\":\"https:\\\/\\\/digital-swim-coach.de\\\/#website\"},\"primaryImageOfPage\":{\"@id\":\"https:\\\/\\\/digital-swim-coach.de\\\/en\\\/partnerprodukte\\\/urkundenerstellung\\\/#primaryimage\"},\"image\":{\"@id\":\"https:\\\/\\\/digital-swim-coach.de\\\/en\\\/partnerprodukte\\\/urkundenerstellung\\\/#primaryimage\"},\"thumbnailUrl\":\"https:\\\/\\\/digital-swim-coach.de\\\/wp-content\\\/uploads\\\/Urkunden-5.jpg\",\"datePublished\":\"2020-09-07T14:03:52+00:00\",\"dateModified\":\"2021-01-08T12:02:28+00:00\",\"breadcrumb\":{\"@id\":\"https:\\\/\\\/digital-swim-coach.de\\\/en\\\/partnerprodukte\\\/urkundenerstellung\\\/#breadcrumb\"},\"inLanguage\":\"en-GB\",\"potentialAction\":[{\"@type\":\"ReadAction\",\"target\":[\"https:\\\/\\\/digital-swim-coach.de\\\/en\\\/partnerprodukte\\\/urkundenerstellung\\\/\"]}]},{\"@type\":\"ImageObject\",\"inLanguage\":\"en-GB\",\"@id\":\"https:\\\/\\\/digital-swim-coach.de\\\/en\\\/partnerprodukte\\\/urkundenerstellung\\\/#primaryimage\",\"url\":\"https:\\\/\\\/digital-swim-coach.de\\\/wp-content\\\/uploads\\\/Urkunden-5.jpg\",\"contentUrl\":\"https:\\\/\\\/digital-swim-coach.de\\\/wp-content\\\/uploads\\\/Urkunden-5.jpg\"},{\"@type\":\"BreadcrumbList\",\"@id\":\"https:\\\/\\\/digital-swim-coach.de\\\/en\\\/partnerprodukte\\\/urkundenerstellung\\\/#breadcrumb\",\"itemListElement\":[{\"@type\":\"ListItem\",\"position\":1,\"name\":\"Start\",\"item\":\"https:\\\/\\\/digital-swim-coach.de\\\/\"},{\"@type\":\"ListItem\",\"position\":2,\"name\":\"Partnerprodukte\",\"item\":\"https:\\\/\\\/digital-swim-coach.de\\\/partnerprodukte\\\/\"},{\"@type\":\"ListItem\",\"position\":3,\"name\":\"Urkundenservice\"}]},{\"@type\":\"WebSite\",\"@id\":\"https:\\\/\\\/digital-swim-coach.de\\\/en\\\/#website\",\"url\":\"https:\\\/\\\/digital-swim-coach.de\\\/en\\\/\",\"name\":\"digital swim coach\",\"description\":\"Learning to swim made easy\",\"potentialAction\":[{\"@type\":\"SearchAction\",\"target\":{\"@type\":\"EntryPoint\",\"urlTemplate\":\"https:\\\/\\\/digital-swim-coach.de\\\/en\\\/?s={search_term_string}\"},\"query-input\":{\"@type\":\"PropertyValueSpecification\",\"valueRequired\":true,\"valueName\":\"search_term_string\"}}],\"inLanguage\":\"en-GB\"}]}<\/script>\n<!-- \/ Yoast SEO plugin. -->","yoast_head_json":{"title":"Urkundenservice","description":"Urkundenservice: Ob f\u00fcr den Verein, die Schule oder einen ganz pers\u00f6nlichen Anlass: Eine Urkunde bezeugt, dass man die Leistung, die jemand gebracht hat, in besonderer Weise w\u00fcrdigen m\u00f6chte. Aus einer Auswahl von \u00fcber 140 Urkunden k\u00f6nnen Sie Ihre Urkunde ausw\u00e4hlen und mit Ihrem Logo etc. bedrucken lassen. Mehr Infos erhalten Sie hier. Preise *) (incl.&hellip;","robots":{"index":"index","follow":"follow","max-snippet":"max-snippet:-1","max-image-preview":"max-image-preview:large","max-video-preview":"max-video-preview:-1"},"canonical":"Urkundenservice: Ob f\u00fcr den Verein, die Schule oder einen ganz pers\u00f6nlichen Anlass: Eine Urkunde bezeugt, dass man die Leistung, die jemand gebracht hat, in besonderer Weise w\u00fcrdigen m\u00f6chte. Aus einer Auswahl von \u00fcber 140 Urkunden k\u00f6nnen Sie Ihre Urkunde ausw\u00e4hlen und mit Ihrem Logo etc. bedrucken lassen. Mehr Infos erhalten Sie hier. Preise *) (incl.&hellip;","og_locale":"en_GB","og_type":"article","og_title":"Urkundenservice","og_description":"Urkundenservice: Ob f\u00fcr den Verein, die Schule oder einen ganz pers\u00f6nlichen Anlass: Eine Urkunde bezeugt, dass man die Leistung, die jemand gebracht hat, in besonderer Weise w\u00fcrdigen m\u00f6chte. Aus einer Auswahl von \u00fcber 140 Urkunden k\u00f6nnen Sie Ihre Urkunde ausw\u00e4hlen und mit Ihrem Logo etc. bedrucken lassen. Mehr Infos erhalten Sie hier. Preise *) (incl.&hellip;","og_url":"https:\/\/digital-swim-coach.de\/en\/partnerprodukte\/urkundenerstellung\/","og_site_name":"digital swim coach","article_modified_time":"2021-01-08T12:02:28+00:00","og_image":[{"url":"https:\/\/digital-swim-coach.de\/wp-content\/uploads\/Urkunden-5.jpg","type":"","width":"","height":""}],"twitter_card":"summary_large_image","schema":{"@context":"https:\/\/schema.org","@graph":[{"@type":"WebPage","@id":"https:\/\/digital-swim-coach.de\/en\/partnerprodukte\/urkundenerstellung\/","url":"https:\/\/digital-swim-coach.de\/en\/partnerprodukte\/urkundenerstellung\/","name":"Urkundenservice - digital swim coach","isPartOf":{"@id":"https:\/\/digital-swim-coach.de\/#website"},"primaryImageOfPage":{"@id":"https:\/\/digital-swim-coach.de\/en\/partnerprodukte\/urkundenerstellung\/#primaryimage"},"image":{"@id":"https:\/\/digital-swim-coach.de\/en\/partnerprodukte\/urkundenerstellung\/#primaryimage"},"thumbnailUrl":"https:\/\/digital-swim-coach.de\/wp-content\/uploads\/Urkunden-5.jpg","datePublished":"2020-09-07T14:03:52+00:00","dateModified":"2021-01-08T12:02:28+00:00","breadcrumb":{"@id":"https:\/\/digital-swim-coach.de\/en\/partnerprodukte\/urkundenerstellung\/#breadcrumb"},"inLanguage":"en-GB","potentialAction":[{"@type":"ReadAction","target":["https:\/\/digital-swim-coach.de\/en\/partnerprodukte\/urkundenerstellung\/"]}]},{"@type":"ImageObject","inLanguage":"en-GB","@id":"https:\/\/digital-swim-coach.de\/en\/partnerprodukte\/urkundenerstellung\/#primaryimage","url":"https:\/\/digital-swim-coach.de\/wp-content\/uploads\/Urkunden-5.jpg","contentUrl":"https:\/\/digital-swim-coach.de\/wp-content\/uploads\/Urkunden-5.jpg"},{"@type":"BreadcrumbList","@id":"https:\/\/digital-swim-coach.de\/en\/partnerprodukte\/urkundenerstellung\/#breadcrumb","itemListElement":[{"@type":"ListItem","position":1,"name":"Start","item":"https:\/\/digital-swim-coach.de\/"},{"@type":"ListItem","position":2,"name":"Partnerprodukte","item":"https:\/\/digital-swim-coach.de\/partnerprodukte\/"},{"@type":"ListItem","position":3,"name":"Urkundenservice"}]},{"@type":"WebSite","@id":"https:\/\/digital-swim-coach.de\/en\/#website","url":"https:\/\/digital-swim-coach.de\/en\/","name":"digital swim coach","description":"Learning to swim made easy","potentialAction":[{"@type":"SearchAction","target":{"@type":"EntryPoint","urlTemplate":"https:\/\/digital-swim-coach.de\/en\/?s={search_term_string}"},"query-input":{"@type":"PropertyValueSpecification","valueRequired":true,"valueName":"search_term_string"}}],"inLanguage":"en-GB"}]}},"_links":{"self":[{"href":"https:\/\/digital-swim-coach.de\/en\/wp-json\/wp\/v2\/pages\/1862","targetHints":{"allow":["GET"]}}],"collection":[{"href":"https:\/\/digital-swim-coach.de\/en\/wp-json\/wp\/v2\/pages"}],"about":[{"href":"https:\/\/digital-swim-coach.de\/en\/wp-json\/wp\/v2\/types\/page"}],"author":[{"embeddable":true,"href":"https:\/\/digital-swim-coach.de\/en\/wp-json\/wp\/v2\/users\/5"}],"replies":[{"embeddable":true,"href":"https:\/\/digital-swim-coach.de\/en\/wp-json\/wp\/v2\/comments?post=1862"}],"version-history":[{"count":0,"href":"https:\/\/digital-swim-coach.de\/en\/wp-json\/wp\/v2\/pages\/1862\/revisions"}],"up":[{"embeddable":true,"href":"https:\/\/digital-swim-coach.de\/en\/wp-json\/wp\/v2\/pages\/2932"}],"wp:attachment":[{"href":"https:\/\/digital-swim-coach.de\/en\/wp-json\/wp\/v2\/media?parent=1862"}],"curies":[{"name":"wp","href":"https:\/\/api.w.org\/{rel}","templated":true}]}}