
			{"id":1855,"date":"2020-09-07T15:58:07","date_gmt":"2020-09-07T13:58:13","guid":{"rendered":"https:\/\/digital-swim-coach.de\/?page_id=1855"},"modified":"2020-09-21T17:24:20","modified_gmt":"2020-09-21T15:24:20","slug":"zeitmessanlagen-verleih","status":"publish","type":"page","link":"https:\/\/digital-swim-coach.de\/en\/partnerprodukte\/zeitmessanlagen-verleih\/","title":{"rendered":"Zeitmessanlagen-Verleih"},"content":{"rendered":"<div class=\"contentDescription\">\n<h3><img decoding=\"async\" class=\"size-full wp-image-2971 aligncenter\" src=\"https:\/\/digital-swim-coach.de\/wp-content\/uploads\/Kopfzeile-CPS.jpg\" alt=\"\" width=\"650\" height=\"152\" \/><\/h3>\n<p>&nbsp;<\/p>\n<h2 style=\"text-align: center;\"><img decoding=\"async\" class=\" wp-image-2974 aligncenter\" src=\"https:\/\/digital-swim-coach.de\/wp-content\/uploads\/Text-Stress-rot-1024x360.gif\" alt=\"\" width=\"393\" height=\"158\" \/><\/h2>\n<h2 style=\"text-align: center;\"><b>Das muss nicht sein !<\/b><\/h2>\n<p><span style=\"color: #0000ff;\"><strong>Denn nur relaxte Mitarbeiter sind gute Mitarbeiter.<\/strong><\/span><\/p>\n<\/div>\n<div class=\"contentImage\">Selbst bei noch so guter Vorbereitung ist in Ihrem Protokollraum stets fehleranf\u00e4llige Arbeit angesagt: die von den Zeitnehmern notierten Zeiten m\u00fcssen in den Computer eingegeben werden.<\/div>\n<h2 style=\"text-align: center;\"><span style=\"color: #ff0000;\">Unsere L\u00f6sung:<br \/>\n<\/span><span style=\"color: #0000ff;\"><strong>Die halbautomatische Zeitmessanlage !<\/strong><\/span><\/h2>\n<p><img decoding=\"async\" class=\" wp-image-2996 aligncenter\" src=\"https:\/\/digital-swim-coach.de\/wp-content\/uploads\/zeitmessanlage-1024x739.jpg\" alt=\"\" width=\"648\" height=\"468\" srcset=\"https:\/\/digital-swim-coach.de\/wp-content\/uploads\/zeitmessanlage-1024x739.jpg 1024w, https:\/\/digital-swim-coach.de\/wp-content\/uploads\/zeitmessanlage-300x217.jpg 300w, https:\/\/digital-swim-coach.de\/wp-content\/uploads\/zeitmessanlage-768x555.jpg 768w, https:\/\/digital-swim-coach.de\/wp-content\/uploads\/zeitmessanlage-1536x1109.jpg 1536w, https:\/\/digital-swim-coach.de\/wp-content\/uploads\/zeitmessanlage-600x433.jpg 600w, https:\/\/digital-swim-coach.de\/wp-content\/uploads\/zeitmessanlage.jpg 1630w\" sizes=\"(max-width: 648px) 100vw, 648px\" \/><\/p>\n<div class=\"contentDescription\">\n<ul>\n<li>Die Uhren der Zeitnehmer werden beim Startsignal zentral oder auch durch die Zeitnehmer in Gang gesetzt.<\/li>\n<li>Zwischen- und Endzeiten werden von den Zeitnehmern wie \u00fcblich notiert, aber g<u>leichzeiti<\/u>g an den Protokollrechner \u00fcbermittelt.<\/li>\n<li>Der Protokollf\u00fchrer kann diese Zeiten nun lauf- oder wettkampfweise im Handumdrehen einlesen &#8211; ohne \u00dcbertragungsfehler !<\/li>\n<li>Auch bei Doppelbahnbelegungen problemlos einsetzbar. (Allerdings ist bei <u>zeitversetzter<\/u> Doppelbahnbelegung eine zweite Anlage notwendig.)<\/li>\n<li>Alle Ergebnisse z\u00e4hlen auch weiterhin als &#8220;Handzeiten&#8221;.<\/li>\n<\/ul>\n<\/div>\n<div class=\"contentDescription\">\n<p>Pr\u00fcfen Sie <a href=\"http:\/\/www.cps-schwimm.de\/start-terminplan.htm\" target=\"top\" rel=\"noopener noreferrer\">hier<\/a>, ob eine Ausleihe f\u00fcr Ihre Veranstaltung m\u00f6glich ist! Reservierungen und Bestellungen senden Sie bitte via eMail an <a href=\"mailto:aretz@cps-schwimm.de?subject=### halbautom. Zeitmessanlage ###\">aretz@cps-schwimm.de<\/a>.<\/p>\n<\/div>\n<div id=\"kpm-root\" class=\"kpm_LTR notranslate\" translate=\"no\"><\/div>\n<div id=\"kpm-root\" class=\"kpm_LTR notranslate\" translate=\"no\"><\/div>\n<div id=\"kpm-root\" class=\"kpm_LTR notranslate\" translate=\"no\"><\/div>\n<div id=\"kpm-root\" class=\"kpm_LTR notranslate\" translate=\"no\"><\/div>\n<div id=\"kpm-root\" class=\"kpm_LTR notranslate\" translate=\"no\"><\/div>\n<div id=\"kpm-root\" class=\"kpm_LTR notranslate\" translate=\"no\"><\/div>\n<div id=\"kpm-root\" class=\"kpm_LTR notranslate\" translate=\"no\"><\/div>\n<div id=\"kpm-root\" class=\"kpm_LTR notranslate\" translate=\"no\"><\/div>\n<div id=\"kpm-root\" class=\"kpm_LTR notranslate\" translate=\"no\"><\/div>\n<div id=\"kpm-root\" class=\"kpm_LTR notranslate\" translate=\"no\"><\/div>\n<div id=\"kpm-root\" class=\"kpm_LTR notranslate\" translate=\"no\"><\/div>\n<div id=\"kpm-root\" class=\"kpm_LTR notranslate\" translate=\"no\"><\/div>\n<div id=\"kpm-root\" class=\"kpm_LTR notranslate\" translate=\"no\"><\/div>\n<div id=\"kpm-root\" class=\"kpm_LTR notranslate\" translate=\"no\"><\/div>\n<div id=\"kpm-root\" class=\"kpm_LTR notranslate\" translate=\"no\"><\/div>\n<div id=\"kpm-root\" class=\"kpm_LTR notranslate\" translate=\"no\"><\/div>\n","protected":false},"excerpt":{"rendered":"<p>&nbsp; Das muss nicht sein ! Denn nur relaxte Mitarbeiter sind gute Mitarbeiter. Selbst bei noch so guter Vorbereitung ist in Ihrem Protokollraum stets fehleranf\u00e4llige Arbeit angesagt: die von den Zeitnehmern notierten Zeiten m\u00fcssen in den Computer eingegeben werden. Unsere L\u00f6sung: Die halbautomatische Zeitmessanlage ! Die Uhren der Zeitnehmer werden beim Startsignal zentral oder auch [&hellip;]<\/p>\n","protected":false},"author":5,"featured_media":0,"parent":2932,"menu_order":1,"comment_status":"closed","ping_status":"closed","template":"","meta":{"footnotes":""},"class_list":["post-1855","page","type-page","status-publish","hentry"],"yoast_head":"<!-- This site is optimized with the Yoast SEO plugin v27.4 - https:\/\/yoast.com\/product\/yoast-seo-wordpress\/ -->\n<title>Zeitmessanlagen-Verleih<\/title>\n<meta name=\"description\" content=\"&nbsp; Das muss nicht sein ! Denn nur relaxte Mitarbeiter sind gute Mitarbeiter. Selbst bei noch so guter Vorbereitung ist in Ihrem Protokollraum stets fehleranf\u00e4llige Arbeit angesagt: die von den Zeitnehmern notierten Zeiten m\u00fcssen in den Computer eingegeben werden. Unsere L\u00f6sung: Die halbautomatische Zeitmessanlage ! Die Uhren der Zeitnehmer werden beim Startsignal zentral oder auch&hellip;\" \/>\n<meta name=\"robots\" content=\"index, follow, max-snippet:-1, max-image-preview:large, max-video-preview:-1\" \/>\n<link rel=\"canonical\" href=\"\" \/>\n<meta property=\"og:locale\" content=\"en_GB\" \/>\n<meta property=\"og:type\" content=\"article\" \/>\n<meta property=\"og:title\" content=\"Zeitmessanlagen-Verleih\" \/>\n<meta property=\"og:description\" content=\"&nbsp; Das muss nicht sein ! Denn nur relaxte Mitarbeiter sind gute Mitarbeiter. Selbst bei noch so guter Vorbereitung ist in Ihrem Protokollraum stets fehleranf\u00e4llige Arbeit angesagt: die von den Zeitnehmern notierten Zeiten m\u00fcssen in den Computer eingegeben werden. Unsere L\u00f6sung: Die halbautomatische Zeitmessanlage ! Die Uhren der Zeitnehmer werden beim Startsignal zentral oder auch&hellip;\" \/>\n<meta property=\"og:url\" content=\"https:\/\/digital-swim-coach.de\/en\/partnerprodukte\/zeitmessanlagen-verleih\/\" \/>\n<meta property=\"og:site_name\" content=\"digital swim coach\" \/>\n<meta property=\"article:modified_time\" content=\"2020-09-21T15:24:20+00:00\" \/>\n<meta property=\"og:image\" content=\"https:\/\/digital-swim-coach.de\/wp-content\/uploads\/Kopfzeile-CPS.jpg\" \/>\n<meta name=\"twitter:card\" content=\"summary_large_image\" \/>\n<meta name=\"twitter:label1\" content=\"Est. reading time\" \/>\n\t<meta name=\"twitter:data1\" content=\"1 minute\" \/>\n<script type=\"application\/ld+json\" class=\"yoast-schema-graph\">{\"@context\":\"https:\\\/\\\/schema.org\",\"@graph\":[{\"@type\":\"WebPage\",\"@id\":\"https:\\\/\\\/digital-swim-coach.de\\\/en\\\/partnerprodukte\\\/zeitmessanlagen-verleih\\\/\",\"url\":\"https:\\\/\\\/digital-swim-coach.de\\\/en\\\/partnerprodukte\\\/zeitmessanlagen-verleih\\\/\",\"name\":\"Zeitmessanlagen-Verleih - digital swim coach\",\"isPartOf\":{\"@id\":\"https:\\\/\\\/digital-swim-coach.de\\\/#website\"},\"primaryImageOfPage\":{\"@id\":\"https:\\\/\\\/digital-swim-coach.de\\\/en\\\/partnerprodukte\\\/zeitmessanlagen-verleih\\\/#primaryimage\"},\"image\":{\"@id\":\"https:\\\/\\\/digital-swim-coach.de\\\/en\\\/partnerprodukte\\\/zeitmessanlagen-verleih\\\/#primaryimage\"},\"thumbnailUrl\":\"https:\\\/\\\/digital-swim-coach.de\\\/wp-content\\\/uploads\\\/Kopfzeile-CPS.jpg\",\"datePublished\":\"2020-09-07T13:58:13+00:00\",\"dateModified\":\"2020-09-21T15:24:20+00:00\",\"breadcrumb\":{\"@id\":\"https:\\\/\\\/digital-swim-coach.de\\\/en\\\/partnerprodukte\\\/zeitmessanlagen-verleih\\\/#breadcrumb\"},\"inLanguage\":\"en-GB\",\"potentialAction\":[{\"@type\":\"ReadAction\",\"target\":[\"https:\\\/\\\/digital-swim-coach.de\\\/en\\\/partnerprodukte\\\/zeitmessanlagen-verleih\\\/\"]}]},{\"@type\":\"ImageObject\",\"inLanguage\":\"en-GB\",\"@id\":\"https:\\\/\\\/digital-swim-coach.de\\\/en\\\/partnerprodukte\\\/zeitmessanlagen-verleih\\\/#primaryimage\",\"url\":\"https:\\\/\\\/digital-swim-coach.de\\\/wp-content\\\/uploads\\\/Kopfzeile-CPS.jpg\",\"contentUrl\":\"https:\\\/\\\/digital-swim-coach.de\\\/wp-content\\\/uploads\\\/Kopfzeile-CPS.jpg\"},{\"@type\":\"BreadcrumbList\",\"@id\":\"https:\\\/\\\/digital-swim-coach.de\\\/en\\\/partnerprodukte\\\/zeitmessanlagen-verleih\\\/#breadcrumb\",\"itemListElement\":[{\"@type\":\"ListItem\",\"position\":1,\"name\":\"Start\",\"item\":\"https:\\\/\\\/digital-swim-coach.de\\\/\"},{\"@type\":\"ListItem\",\"position\":2,\"name\":\"Partnerprodukte\",\"item\":\"https:\\\/\\\/digital-swim-coach.de\\\/partnerprodukte\\\/\"},{\"@type\":\"ListItem\",\"position\":3,\"name\":\"Zeitmessanlagen-Verleih\"}]},{\"@type\":\"WebSite\",\"@id\":\"https:\\\/\\\/digital-swim-coach.de\\\/en\\\/#website\",\"url\":\"https:\\\/\\\/digital-swim-coach.de\\\/en\\\/\",\"name\":\"digital swim coach\",\"description\":\"Learning to swim made easy\",\"potentialAction\":[{\"@type\":\"SearchAction\",\"target\":{\"@type\":\"EntryPoint\",\"urlTemplate\":\"https:\\\/\\\/digital-swim-coach.de\\\/en\\\/?s={search_term_string}\"},\"query-input\":{\"@type\":\"PropertyValueSpecification\",\"valueRequired\":true,\"valueName\":\"search_term_string\"}}],\"inLanguage\":\"en-GB\"}]}<\/script>\n<!-- \/ Yoast SEO plugin. -->","yoast_head_json":{"title":"Zeitmessanlagen-Verleih","description":"&nbsp; Das muss nicht sein ! Denn nur relaxte Mitarbeiter sind gute Mitarbeiter. Selbst bei noch so guter Vorbereitung ist in Ihrem Protokollraum stets fehleranf\u00e4llige Arbeit angesagt: die von den Zeitnehmern notierten Zeiten m\u00fcssen in den Computer eingegeben werden. Unsere L\u00f6sung: Die halbautomatische Zeitmessanlage ! Die Uhren der Zeitnehmer werden beim Startsignal zentral oder auch&hellip;","robots":{"index":"index","follow":"follow","max-snippet":"max-snippet:-1","max-image-preview":"max-image-preview:large","max-video-preview":"max-video-preview:-1"},"canonical":"&nbsp; Das muss nicht sein ! Denn nur relaxte Mitarbeiter sind gute Mitarbeiter. Selbst bei noch so guter Vorbereitung ist in Ihrem Protokollraum stets fehleranf\u00e4llige Arbeit angesagt: die von den Zeitnehmern notierten Zeiten m\u00fcssen in den Computer eingegeben werden. Unsere L\u00f6sung: Die halbautomatische Zeitmessanlage ! Die Uhren der Zeitnehmer werden beim Startsignal zentral oder auch&hellip;","og_locale":"en_GB","og_type":"article","og_title":"Zeitmessanlagen-Verleih","og_description":"&nbsp; Das muss nicht sein ! Denn nur relaxte Mitarbeiter sind gute Mitarbeiter. Selbst bei noch so guter Vorbereitung ist in Ihrem Protokollraum stets fehleranf\u00e4llige Arbeit angesagt: die von den Zeitnehmern notierten Zeiten m\u00fcssen in den Computer eingegeben werden. Unsere L\u00f6sung: Die halbautomatische Zeitmessanlage ! Die Uhren der Zeitnehmer werden beim Startsignal zentral oder auch&hellip;","og_url":"https:\/\/digital-swim-coach.de\/en\/partnerprodukte\/zeitmessanlagen-verleih\/","og_site_name":"digital swim coach","article_modified_time":"2020-09-21T15:24:20+00:00","og_image":[{"url":"https:\/\/digital-swim-coach.de\/wp-content\/uploads\/Kopfzeile-CPS.jpg","type":"","width":"","height":""}],"twitter_card":"summary_large_image","twitter_misc":{"Est. reading time":"1 minute"},"schema":{"@context":"https:\/\/schema.org","@graph":[{"@type":"WebPage","@id":"https:\/\/digital-swim-coach.de\/en\/partnerprodukte\/zeitmessanlagen-verleih\/","url":"https:\/\/digital-swim-coach.de\/en\/partnerprodukte\/zeitmessanlagen-verleih\/","name":"Zeitmessanlagen-Verleih - digital swim coach","isPartOf":{"@id":"https:\/\/digital-swim-coach.de\/#website"},"primaryImageOfPage":{"@id":"https:\/\/digital-swim-coach.de\/en\/partnerprodukte\/zeitmessanlagen-verleih\/#primaryimage"},"image":{"@id":"https:\/\/digital-swim-coach.de\/en\/partnerprodukte\/zeitmessanlagen-verleih\/#primaryimage"},"thumbnailUrl":"https:\/\/digital-swim-coach.de\/wp-content\/uploads\/Kopfzeile-CPS.jpg","datePublished":"2020-09-07T13:58:13+00:00","dateModified":"2020-09-21T15:24:20+00:00","breadcrumb":{"@id":"https:\/\/digital-swim-coach.de\/en\/partnerprodukte\/zeitmessanlagen-verleih\/#breadcrumb"},"inLanguage":"en-GB","potentialAction":[{"@type":"ReadAction","target":["https:\/\/digital-swim-coach.de\/en\/partnerprodukte\/zeitmessanlagen-verleih\/"]}]},{"@type":"ImageObject","inLanguage":"en-GB","@id":"https:\/\/digital-swim-coach.de\/en\/partnerprodukte\/zeitmessanlagen-verleih\/#primaryimage","url":"https:\/\/digital-swim-coach.de\/wp-content\/uploads\/Kopfzeile-CPS.jpg","contentUrl":"https:\/\/digital-swim-coach.de\/wp-content\/uploads\/Kopfzeile-CPS.jpg"},{"@type":"BreadcrumbList","@id":"https:\/\/digital-swim-coach.de\/en\/partnerprodukte\/zeitmessanlagen-verleih\/#breadcrumb","itemListElement":[{"@type":"ListItem","position":1,"name":"Start","item":"https:\/\/digital-swim-coach.de\/"},{"@type":"ListItem","position":2,"name":"Partnerprodukte","item":"https:\/\/digital-swim-coach.de\/partnerprodukte\/"},{"@type":"ListItem","position":3,"name":"Zeitmessanlagen-Verleih"}]},{"@type":"WebSite","@id":"https:\/\/digital-swim-coach.de\/en\/#website","url":"https:\/\/digital-swim-coach.de\/en\/","name":"digital swim coach","description":"Learning to swim made easy","potentialAction":[{"@type":"SearchAction","target":{"@type":"EntryPoint","urlTemplate":"https:\/\/digital-swim-coach.de\/en\/?s={search_term_string}"},"query-input":{"@type":"PropertyValueSpecification","valueRequired":true,"valueName":"search_term_string"}}],"inLanguage":"en-GB"}]}},"_links":{"self":[{"href":"https:\/\/digital-swim-coach.de\/en\/wp-json\/wp\/v2\/pages\/1855","targetHints":{"allow":["GET"]}}],"collection":[{"href":"https:\/\/digital-swim-coach.de\/en\/wp-json\/wp\/v2\/pages"}],"about":[{"href":"https:\/\/digital-swim-coach.de\/en\/wp-json\/wp\/v2\/types\/page"}],"author":[{"embeddable":true,"href":"https:\/\/digital-swim-coach.de\/en\/wp-json\/wp\/v2\/users\/5"}],"replies":[{"embeddable":true,"href":"https:\/\/digital-swim-coach.de\/en\/wp-json\/wp\/v2\/comments?post=1855"}],"version-history":[{"count":0,"href":"https:\/\/digital-swim-coach.de\/en\/wp-json\/wp\/v2\/pages\/1855\/revisions"}],"up":[{"embeddable":true,"href":"https:\/\/digital-swim-coach.de\/en\/wp-json\/wp\/v2\/pages\/2932"}],"wp:attachment":[{"href":"https:\/\/digital-swim-coach.de\/en\/wp-json\/wp\/v2\/media?parent=1855"}],"curies":[{"name":"wp","href":"https:\/\/api.w.org\/{rel}","templated":true}]}}